{"id":7,"date":"2025-09-23T10:23:07","date_gmt":"2025-09-23T02:23:07","guid":{"rendered":"http:\/\/jizhuangxiang.webqd.net\/?page_id=7"},"modified":"2025-12-01T09:25:15","modified_gmt":"2025-12-01T01:25:15","slug":"about","status":"publish","type":"page","link":"https:\/\/www.agrictractor.com\/pl\/about\/","title":{"rendered":"O Nas"},"content":{"rendered":"<p><img loading=\"lazy\" decoding=\"async\" class=\"aligncenter wp-image-329 size-full\" src=\"http:\/\/www.goldminingmachine.com\/wp-content\/uploads\/2025\/11\/home-about-1_\u526f\u672c.webp\" alt=\"\" width=\"1707\" height=\"876\" \/><\/p>\n<div id=\"cmDYcp9\" class=\"listTxt cmDYcp9A automatic\" data-name=\"aBounce-In\">\n<div class=\"textLineP\">\n<h1><span style=\"color: #ff0000;\">Szczeg\u00f3\u0142y firmy<\/span><\/h1>\n<hr \/>\n<\/div>\n<\/div>\n<div id=\"cdaCauh\" class=\"cdaCauh relative\"><\/div>\n<div id=\"cgysPhv\" class=\"listTxt cgysPhvA automatic\">\n<div class=\"textLineP\">\n<p><span style=\"font-family: helvetica, arial, sans-serif; font-size: 14pt;\">Za\u0142o\u017cona w 1995 r. firma Qingzhou Qiangrun Environmental Protection Machinery Co., Ltd. ma siedzib\u0119 w Masong Industrial Park, Huanglou Street, Qingzhou City, Weifang City, prowincja Shandong - historycznie znacz\u0105cym mie\u015bcie i uznanym o\u015brodku bada\u0144 i rozwoju maszyn do wydobywania z\u0142ota w Chinach. Jako zintegrowany producent integruj\u0105cy badania i rozw\u00f3j, produkcj\u0119, sprzeda\u017c i obs\u0142ug\u0119 posprzeda\u017cn\u0105, firma koncentruje si\u0119 na sektorze maszyn do ochrony \u015brodowiska, z podstawow\u0105 wiedz\u0105 specjalistyczn\u0105 w zakresie bada\u0144 i rozwoju oraz produkcji sprz\u0119tu zwi\u0105zanego ze z\u0142otem, takiego jak sprz\u0119t do wydobywania i separacji z\u0142ota oraz maszyny do z\u0142ota aluwialnego, jednocze\u015bnie anga\u017cuj\u0105c si\u0119 w projektowanie i produkcj\u0119 pog\u0142\u0119biarek ss\u0105cych, kombajn\u00f3w do zbierania chwast\u00f3w wodnych i r\u00f3\u017cnych zaawansowanych pog\u0142\u0119biarek. Dzi\u0119ki ponad 30-letniemu do\u015bwiadczeniu w bran\u017cy, firma sta\u0142a si\u0119 wiod\u0105cym przedsi\u0119biorstwem w tym sektorze.<\/span><\/p>\n<\/div>\n<\/div>\n<p><span style=\"font-size: 14pt; font-family: helvetica, arial, sans-serif;\">Produkty firmy charakteryzuj\u0105 si\u0119 trwa\u0142o\u015bci\u0105, r\u00f3\u017cnorodnymi modelami i zaawansowan\u0105 technologi\u0105, obejmuj\u0105c\u0105 sprz\u0119t do wydobywania i separacji z\u0142ota, maszyny do wydobywania z\u0142ota aluwialnego, pog\u0142\u0119biarki ss\u0105ce, kombajny do zbierania chwast\u00f3w wodnych i inne serie, aby zaspokoi\u0107 spersonalizowane potrzeby r\u00f3\u017cnych klient\u00f3w. Wykorzystuj\u0105c dojrza\u0142e lokalne zasoby przemys\u0142owe w Qingzhou, integrujemy nowoczesne koncepcje projektowe z precyzyjnymi procesami produkcyjnymi. Wszystkie produkty uzyska\u0142y certyfikat systemu zarz\u0105dzania jako\u015bci\u0105 ISO9001 i wspieraj\u0105 fabryczn\u0105 kontrol\u0119 towar\u00f3w SGS. Wdra\u017camy wysoki standard kontroli w ca\u0142ym procesie badawczo-rozwojowym i produkcyjnym, aby zapewni\u0107, \u017ce ka\u017cdy sprz\u0119t dostarczany klientom osi\u0105ga doskona\u0142\u0105 jako\u015b\u0107.<\/span><\/p>\n<p><span style=\"font-size: 14pt; font-family: helvetica, arial, sans-serif;\">Je\u015bli chodzi o us\u0142ugi, firma zapewnia kompleksowe rozwi\u0105zania od projektowania produktu, produkcji na zam\u00f3wienie, instalacji i uruchomienia po konserwacj\u0119 posprzeda\u017cn\u0105. W zale\u017cno\u015bci od r\u00f3\u017cnych warunk\u00f3w w miejscu pog\u0142\u0119biania, mo\u017cemy dostosowa\u0107 ekskluzywny sprz\u0119t do indywidualnych potrzeb, z pracami spawalniczymi wykonywanymi przez spawaczy z mi\u0119dzynarodowymi certyfikatami, a tak\u017ce profesjonalny zesp\u00f3\u0142 obs\u0142ugi technicznej na miejscu i wydajny system wsparcia posprzeda\u017cowego, aby zapewni\u0107 klientom w kraju i za granic\u0105 beztroskie us\u0142ugi pe\u0142nego procesu. W mi\u0119dzyczasie oferujemy r\u00f3wnie\u017c us\u0142ugi OEM dla globalnych dystrybutor\u00f3w w celu rozszerzenia rynku poprzez elastyczne modele wsp\u00f3\u0142pracy.<\/span><\/p>\n<p><span style=\"font-size: 14pt; font-family: helvetica, arial, sans-serif;\">Dzi\u0119ki wiod\u0105cej technologii przemys\u0142owej, bogatemu do\u015bwiadczeniu w produkcji, najwy\u017cszej jako\u015bci sprz\u0119tu i filozofii zarz\u0105dzania opartej na uczciwo\u015bci, produkty firmy zosta\u0142y wyeksportowane do ponad 60 kraj\u00f3w i region\u00f3w w Azji Po\u0142udniowo-Wschodniej, Azji Wschodniej, Azji Po\u0142udniowej, Ameryce Po\u0142udniowej, Oceanii, Afryce i Europie Wschodniej, w tym Malezji, Rosji, Mongolii, Tajlandii, Wietnamu, Singapuru, Indonezji, Fid\u017ci, Nigerii, Zimbabwe, Kamerunu, Wybrze\u017ca Ko\u015bci S\u0142oniowej, Ghany, Ugandy itp. zdobywaj\u0105c szerokie uznanie i pochwa\u0142y od klient\u00f3w na ca\u0142ym \u015bwiecie. Zgodnie z koncepcj\u0105 \u201czorientowania na klienta i jako\u015bci na pierwszym miejscu\u201d, firma stale dostarcza wysokiej jako\u015bci rozwi\u0105zania w dziedzinie sprz\u0119tu zwi\u0105zanego ze z\u0142otem, pog\u0142\u0119biania, pompowania piasku i sprz\u0119tu ochrony \u015brodowiska.<\/span><\/p>\n<p>&nbsp;<\/p>\n<h1><span style=\"color: #ff0000;\">Us\u0142ugi<\/span><\/h1>\n<hr \/>\n<h2><span style=\"font-size: 14pt; font-family: helvetica, arial, sans-serif;\">Us\u0142ugi o warto\u015bci dodanej<\/span><\/h2>\n<ul>\n<li><span style=\"font-size: 14pt; font-family: helvetica, arial, sans-serif;\"><strong>Wsparcie przedsprzeda\u017cowe:<\/strong> Zapewnienie przedsprzeda\u017cowych us\u0142ug doradztwa technicznego i wskaz\u00f3wek dotycz\u0105cych wyboru produktu w oparciu o rzeczywiste wymagania operacyjne sprz\u0119tu.<\/span><\/li>\n<li><span style=\"font-size: 14pt; font-family: helvetica, arial, sans-serif;\"><strong>Wsparcie sprzeda\u017cy:<\/strong> Instalacja sprz\u0119tu, uruchomienie i pr\u00f3bna eksploatacja, a tak\u017ce konserwacja techniczna,<\/span><span style=\"font-size: 14pt; font-family: helvetica, arial, sans-serif;\">Us\u0142ugiUaktualnienia systemu i ca\u0142odobowa obs\u0142uga klienta.<\/span><\/li>\n<li><span style=\"font-size: 14pt; font-family: helvetica, arial, sans-serif;\"><strong>Indywidualny rozw\u00f3j:<\/strong> Prace badawczo-rozwojowe nad ekskluzywnym sprz\u0119tem do wydobywania z\u0142ota, pog\u0142\u0119biarkami, kombajnami lub innym specjalistycznym sprz\u0119tem dostosowanym do potrzeb klienta.<\/span><\/li>\n<\/ul>\n<h2><span style=\"font-size: 14pt; font-family: helvetica, arial, sans-serif;\">Zalety us\u0142ugi<\/span><\/h2>\n<ul>\n<li><span style=\"font-size: 14pt; font-family: helvetica, arial, sans-serif;\"><strong>Wytrzyma\u0142o\u015b\u0107 techniczna:<\/strong> Niezale\u017cne mo\u017cliwo\u015bci badawczo-rozwojowe z globalnym zasi\u0119giem \u0142a\u0144cucha dostaw.<\/span><\/li>\n<li><span style=\"font-size: 14pt; font-family: helvetica, arial, sans-serif;\"><strong>Zasi\u0119g klienta:<\/strong> Produkty eksportowane do Afryki, Ameryki Po\u0142udniowej, Bliskiego Wschodu, Azji Po\u0142udniowo-Wschodniej i innych region\u00f3w na ca\u0142ym \u015bwiecie.<\/span><\/li>\n<li><span style=\"font-size: 14pt; font-family: helvetica, arial, sans-serif;\"><strong>Elastyczno\u015b\u0107 wsp\u00f3\u0142pracy:<\/strong> Dost\u0119pne s\u0105 us\u0142ugi dostosowywania, z gotowymi do wysy\u0142ki zapasami i szybk\u0105 dostaw\u0105.<\/span><\/li>\n<li><span style=\"font-size: 14pt; font-family: helvetica, arial, sans-serif;\"><strong>Zgodno\u015b\u0107 z przepisami i bezpiecze\u0144stwo:<\/strong> Certyfikat Systemu Zarz\u0105dzania Jako\u015bci\u0105 ISO, posiadaj\u0105cy certyfikat Panama.<\/span><\/li>\n<\/ul>\n<p>&nbsp;<\/p>\n<h1><span style=\"color: #ff0000;\"><strong>Dokumenty kwalifikacyjne<\/strong><\/span><\/h1>\n<hr \/>\n<p><img decoding=\"async\" class=\"aligncenter wp-image-325\" src=\"http:\/\/www.goldminingmachine.com\/wp-content\/uploads\/2025\/11\/certificate-scaled.webp\" alt=\"\" width=\"100%\" \/><\/p>\n<p><img decoding=\"async\" class=\"aligncenter wp-image-327 size-full\" src=\"http:\/\/www.goldminingmachine.com\/wp-content\/uploads\/2025\/11\/certificate2-scaled.webp\" alt=\"\" width=\"100%\" \/><\/p>\n<p>&nbsp;<\/p>","protected":false},"excerpt":{"rendered":"<p>Szczeg\u00f3\u0142y firmy Za\u0142o\u017cona w 1995 r. firma Qingzhou Qiangrun Environmental Protection Machinery Co., Ltd. ma siedzib\u0119 w Masong Industrial Park, Huanglou Street, Qingzhou City, Weifang City, prowincja Shandong - historycznie znacz\u0105cym mie\u015bcie i uznanym o\u015brodku bada\u0144 i rozwoju maszyn do produkcji z\u0142ota aluwialnego w Chinach. Jako zintegrowany producent integruj\u0105cy badania i rozw\u00f3j, produkcj\u0119, sprzeda\u017c i obs\u0142ug\u0119 posprzeda\u017cn\u0105, firma [...]<\/p>","protected":false},"author":1,"featured_media":0,"parent":0,"menu_order":0,"comment_status":"closed","ping_status":"closed","template":"","meta":{"footnotes":""},"class_list":["post-7","page","type-page","status-publish","hentry"],"_links":{"self":[{"href":"https:\/\/www.agrictractor.com\/pl\/wp-json\/wp\/v2\/pages\/7","targetHints":{"allow":["GET"]}}],"collection":[{"href":"https:\/\/www.agrictractor.com\/pl\/wp-json\/wp\/v2\/pages"}],"about":[{"href":"https:\/\/www.agrictractor.com\/pl\/wp-json\/wp\/v2\/types\/page"}],"author":[{"embeddable":true,"href":"https:\/\/www.agrictractor.com\/pl\/wp-json\/wp\/v2\/users\/1"}],"replies":[{"embeddable":true,"href":"https:\/\/www.agrictractor.com\/pl\/wp-json\/wp\/v2\/comments?post=7"}],"version-history":[{"count":19,"href":"https:\/\/www.agrictractor.com\/pl\/wp-json\/wp\/v2\/pages\/7\/revisions"}],"predecessor-version":[{"id":708,"href":"https:\/\/www.agrictractor.com\/pl\/wp-json\/wp\/v2\/pages\/7\/revisions\/708"}],"wp:attachment":[{"href":"https:\/\/www.agrictractor.com\/pl\/wp-json\/wp\/v2\/media?parent=7"}],"curies":[{"name":"wp","href":"https:\/\/api.w.org\/{rel}","templated":true}]}}